{"id":136,"date":"2024-12-03T11:31:24","date_gmt":"2024-12-03T11:31:24","guid":{"rendered":"https:\/\/mk-beauty.com\/?post_type=product&#038;p=136"},"modified":"2026-05-05T16:06:14","modified_gmt":"2026-05-05T16:06:14","slug":"lip-oil-hyaluronique-vitamine-e-karite","status":"publish","type":"product","link":"https:\/\/mk-beauty.com\/en\/product\/lip-oil-hyaluronique-vitamine-e-karite\/","title":{"rendered":"Lip Oil \u00e0 l\u2019Acide Hyaluronique"},"content":{"rendered":"<h3><span data-sheets-root=\"1\">D\u00e9tails du produit<\/span><\/h3>\n<p><span data-sheets-root=\"1\">L\u2019huile pour les l\u00e8vres \u00e0 l\u2019acide hyaluronique est un lip oil hydratant, nourrissant et brillant qui prend soin des l\u00e8vres tout en leur apportant un effet lumineux et repulp\u00e9. Sa formule enrichie en vitamine E, beurre de karit\u00e9, huile de coco et extraits de fruits hydrate, prot\u00e8ge et adoucit les l\u00e8vres. Cette huile pour les l\u00e8vres est disponible en 3 teintes irr\u00e9sistibles adapt\u00e9es \u00e0 tous les styles, avec effet brillant et confort non collant.<\/span><\/p>\n<p>3 teintes irr\u00e9sistibles:<\/p>\n<ul>\n<li><span data-sheets-root=\"1\">Faith \u2013 Huile r\u00e9active au pH qui se transforme en un rose doux et personnalis\u00e9 avec un fini brillant et juteux.<\/span><\/li>\n<li><span data-sheets-root=\"1\">Love \u2013 Huile teint\u00e9e r\u00e9active qui r\u00e9v\u00e8le une teinte rouge baie vibrante tout en nourrissant intens\u00e9ment les l\u00e8vres.<\/span><\/li>\n<li><span data-sheets-root=\"1\">Patience \u2013 Brillance transparente avec fruit de la passion, huile de coco et extraits de fruits pour un \u00e9clat tropical et soyeux.<\/span><\/li>\n<\/ul>\n<h3><span data-sheets-root=\"1\">Les avantages de l\u2019huile pour les l\u00e8vres \u00e0 l\u2019acide hyaluronique<\/span><\/h3>\n<ul>\n<li><span data-sheets-root=\"1\">Lip oil hydratant et nourrissant<\/span><\/li>\n<li><span data-sheets-root=\"1\">Hydratation intense gr\u00e2ce \u00e0 l\u2019acide hyaluronique<\/span><\/li>\n<li><span data-sheets-root=\"1\">Effet repulpant naturel<\/span><\/li>\n<li><span data-sheets-root=\"1\">Huile \u00e0 l\u00e8vres teint\u00e9e effet pH<\/span><\/li>\n<li><span data-sheets-root=\"1\">Fini brillant et lumineux<\/span><\/li>\n<li><span data-sheets-root=\"1\">Texture l\u00e9g\u00e8re et non collante<\/span><\/li>\n<li><span data-sheets-root=\"1\">Vitamine E antioxydante<\/span><\/li>\n<li><span data-sheets-root=\"1\">Beurre de karit\u00e9 nourrissant<\/span><\/li>\n<li><span data-sheets-root=\"1\">Huile de coco hydratante<\/span><\/li>\n<li><span data-sheets-root=\"1\">Extraits de fruits adoucissants<\/span><\/li>\n<li><span data-sheets-root=\"1\">Produit vegan et cruelty free<\/span><\/li>\n<li><span data-sheets-root=\"1\"><span data-sheets-root=\"1\">Conforme aux normes cosm\u00e9tiques europ\u00e9ennes.\u00a0 \u00a0 \u00a0 \u00a0 \u00a0 \u00a0 \u00a0 \u00a0 \u00a0 \u00a0 \u00a0<\/span><\/span><\/li>\n<\/ul>\n<p>R\u00e9sultat: des l\u00e8vres hydrat\u00e9es, lisses, brillantes et naturellement repulp\u00e9es.<\/p>\n<h3><span data-sheets-root=\"1\">Comment utiliser l\u2019huile pour les l\u00e8vres<\/span><\/h3>\n<p><span data-sheets-root=\"1\">Afin de sublimer votre sourire, appliquez le produit directement sur les l\u00e8vres \u00e0 l\u2019aide de l\u2019applicateur.<br \/>\nPortez cette huile seule pour un effet naturel, ou sur votre rouge \u00e0 l\u00e8vres pour ajouter brillance et confort.<br \/>\nR\u00e9appliquer au cours de la journ\u00e9e pour maintenir l\u2019hydratation et l\u2019effet glossy.<\/span><\/p>\n<h3><span data-sheets-root=\"1\">Ingr\u00e9dients<\/span><\/h3>\n<p><span data-sheets-root=\"1\">Formule enrichie en actifs hydratants et nourrissants :<br \/>\n<\/span><\/p>\n<ul>\n<li><span data-sheets-root=\"1\">Acide hyaluronique: hydrate et repulpe les l\u00e8vres<\/span><\/li>\n<li><span data-sheets-root=\"1\">Vitamine E: prot\u00e8ge et adoucit<\/span><\/li>\n<li><span data-sheets-root=\"1\">Beurre de karit\u00e9: nourrit et prot\u00e8ge<\/span><\/li>\n<li><span data-sheets-root=\"1\">Huile de coco: hydrate et apporte douceur<\/span><\/li>\n<li><span data-sheets-root=\"1\"><span data-sheets-root=\"1\">Extraits de fruits: apportent confort et \u00e9clat<\/span><\/span><\/li>\n<\/ul>\n<h3><span data-sheets-root=\"1\">Questions fr\u00e9quentes (FAQ)<\/span><\/h3>\n<ol>\n<li><span data-sheets-root=\"1\">Cette huile pour les l\u00e8vres est-elle collante?<br \/>\nNon, la texture est l\u00e9g\u00e8re, confortable et non collante.<\/span><\/li>\n<li><span data-sheets-root=\"1\">L\u2019huile repulpe-t-elle les l\u00e8vres?<br class=\"yoast-text-mark\" \/>Oui, gr\u00e2ce \u00e0 l\u2019acide hyaluronique qui hydrate et repulpe les l\u00e8vres.<\/span><\/li>\n<li><span data-sheets-root=\"1\">L\u2019huile donne-t-elle de la couleur?<br \/>\nOui, certaines teintes sont des huiles \u00e0 l\u00e8vres teint\u00e9es r\u00e9actives au pH.<\/span><\/li>\n<li><span data-sheets-root=\"1\">Peut-on utiliser cette huile avec un rouge \u00e0 l\u00e8vres?<br \/>\nOui, elle peut \u00eatre appliqu\u00e9e seule ou par-dessus un rouge \u00e0 l\u00e8vres.<\/span><\/li>\n<li><span data-sheets-root=\"1\">Le produit est-il vegan et cruelty free?<br \/>\nOui, la formule est vegan et non test\u00e9e sur les animaux.<\/span><\/li>\n<\/ol>","protected":false},"excerpt":{"rendered":"<p>D\u00e9tails du produit L\u2019huile pour les l\u00e8vres \u00e0 l\u2019acide hyaluronique est un lip oil hydratant, nourrissant et brillant qui prend soin des l\u00e8vres tout en leur apportant un effet lumineux et repulp\u00e9. Sa formule enrichie en vitamine E, beurre de karit\u00e9, huile de coco et extraits de fruits hydrate, prot\u00e8ge et adoucit les l\u00e8vres. Cette [&#8230;]","protected":false},"featured_media":733,"comment_status":"open","ping_status":"closed","template":"","meta":[],"product_brand":[],"product_cat":[16],"product_tag":[],"class_list":{"0":"post-136","1":"product","2":"type-product","3":"status-publish","4":"has-post-thumbnail","6":"product_cat-lips","8":"first","9":"instock","10":"shipping-taxable","11":"purchasable","12":"product-type-variable"},"yoast_head":"<!-- This site is optimized with the Yoast SEO plugin v27.4 - https:\/\/yoast.com\/product\/yoast-seo-wordpress\/ -->\n<title>Lip Oil Hydratant \u00e0 l&#039;Acide Hyaluronique | Huile \u00e0 L\u00e8vres<\/title>\n<meta name=\"description\" content=\"D\u00e9couvrez notre Lip Oil hydratante \u00e0 l&#039;acide hyaluronique et Vitamine E. Nourrit, repulpe et apporte une brillance miroir sans coller. Commandez la v\u00f4tre!\" \/>\n<meta name=\"robots\" content=\"index, follow, max-snippet:-1, max-image-preview:large, max-video-preview:-1\" \/>\n<link rel=\"canonical\" href=\"https:\/\/mk-beauty.com\/en\/product\/lip-oil-hyaluronique-vitamine-e-karite\/\" \/>\n<meta property=\"og:locale\" content=\"en_US\" \/>\n<meta property=\"og:type\" content=\"article\" \/>\n<meta property=\"og:title\" content=\"Lip Oil: Protection et Douceur pour Vos L\u00e8vres\" \/>\n<meta property=\"og:description\" content=\"Lip oil hydratant \u00e0 l\u2019acide hyaluronique enrichi en vitamine E, beurre de karit\u00e9 et huile de coco pour des l\u00e8vres nourries, brillantes et repulp\u00e9es. Texture l\u00e9g\u00e8re non collante et effet lip glow naturel.\" \/>\n<meta property=\"og:url\" content=\"https:\/\/mk-beauty.com\/en\/product\/lip-oil-hyaluronique-vitamine-e-karite\/\" \/>\n<meta property=\"og:site_name\" content=\"MK Beauty\" \/>\n<meta property=\"article:modified_time\" content=\"2026-05-05T16:06:14+00:00\" \/>\n<meta property=\"og:image\" content=\"https:\/\/mk-beauty.com\/wp-content\/uploads\/2024\/12\/2.png\" \/>\n\t<meta property=\"og:image:width\" content=\"1080\" \/>\n\t<meta property=\"og:image:height\" content=\"1080\" \/>\n\t<meta property=\"og:image:type\" content=\"image\/png\" \/>\n<meta name=\"twitter:card\" content=\"summary_large_image\" \/>\n<meta name=\"twitter:label1\" content=\"Est. reading time\" \/>\n\t<meta name=\"twitter:data1\" content=\"3 minutes\" \/>\n<script type=\"application\/ld+json\" class=\"yoast-schema-graph\">{\"@context\":\"https:\\\/\\\/schema.org\",\"@graph\":[{\"@type\":\"WebPage\",\"@id\":\"https:\\\/\\\/mk-beauty.com\\\/product\\\/lip-oil-hyaluronique-vitamine-e-karite\\\/\",\"url\":\"https:\\\/\\\/mk-beauty.com\\\/product\\\/lip-oil-hyaluronique-vitamine-e-karite\\\/\",\"name\":\"Lip Oil Hydratant \u00e0 l'Acide Hyaluronique | Huile \u00e0 L\u00e8vres\",\"isPartOf\":{\"@id\":\"https:\\\/\\\/mk-beauty.com\\\/#website\"},\"primaryImageOfPage\":{\"@id\":\"https:\\\/\\\/mk-beauty.com\\\/product\\\/lip-oil-hyaluronique-vitamine-e-karite\\\/#primaryimage\"},\"image\":{\"@id\":\"https:\\\/\\\/mk-beauty.com\\\/product\\\/lip-oil-hyaluronique-vitamine-e-karite\\\/#primaryimage\"},\"thumbnailUrl\":\"https:\\\/\\\/mk-beauty.com\\\/wp-content\\\/uploads\\\/2024\\\/12\\\/2.png\",\"datePublished\":\"2024-12-03T11:31:24+00:00\",\"dateModified\":\"2026-05-05T16:06:14+00:00\",\"description\":\"D\u00e9couvrez notre Lip Oil hydratante \u00e0 l'acide hyaluronique et Vitamine E. Nourrit, repulpe et apporte une brillance miroir sans coller. Commandez la v\u00f4tre!\",\"breadcrumb\":{\"@id\":\"https:\\\/\\\/mk-beauty.com\\\/product\\\/lip-oil-hyaluronique-vitamine-e-karite\\\/#breadcrumb\"},\"inLanguage\":\"en-US\",\"potentialAction\":[{\"@type\":\"ReadAction\",\"target\":[\"https:\\\/\\\/mk-beauty.com\\\/product\\\/lip-oil-hyaluronique-vitamine-e-karite\\\/\"]}]},{\"@type\":\"ImageObject\",\"inLanguage\":\"en-US\",\"@id\":\"https:\\\/\\\/mk-beauty.com\\\/product\\\/lip-oil-hyaluronique-vitamine-e-karite\\\/#primaryimage\",\"url\":\"https:\\\/\\\/mk-beauty.com\\\/wp-content\\\/uploads\\\/2024\\\/12\\\/2.png\",\"contentUrl\":\"https:\\\/\\\/mk-beauty.com\\\/wp-content\\\/uploads\\\/2024\\\/12\\\/2.png\",\"width\":1080,\"height\":1080},{\"@type\":\"BreadcrumbList\",\"@id\":\"https:\\\/\\\/mk-beauty.com\\\/product\\\/lip-oil-hyaluronique-vitamine-e-karite\\\/#breadcrumb\",\"itemListElement\":[{\"@type\":\"ListItem\",\"position\":1,\"name\":\"Home\",\"item\":\"https:\\\/\\\/mk-beauty.com\\\/\"},{\"@type\":\"ListItem\",\"position\":2,\"name\":\"Boutique\",\"item\":\"https:\\\/\\\/mk-beauty.com\\\/shop\\\/\"},{\"@type\":\"ListItem\",\"position\":3,\"name\":\"Lip Oil \u00e0 l\u2019Acide Hyaluronique\"}]},{\"@type\":\"WebSite\",\"@id\":\"https:\\\/\\\/mk-beauty.com\\\/#website\",\"url\":\"https:\\\/\\\/mk-beauty.com\\\/\",\"name\":\"MK Beauty\",\"description\":\"Wake-up &amp; Make-up the world needs your shine LADY\",\"publisher\":{\"@id\":\"https:\\\/\\\/mk-beauty.com\\\/#organization\"},\"potentialAction\":[{\"@type\":\"SearchAction\",\"target\":{\"@type\":\"EntryPoint\",\"urlTemplate\":\"https:\\\/\\\/mk-beauty.com\\\/?s={search_term_string}\"},\"query-input\":{\"@type\":\"PropertyValueSpecification\",\"valueRequired\":true,\"valueName\":\"search_term_string\"}}],\"inLanguage\":\"en-US\"},{\"@type\":\"Organization\",\"@id\":\"https:\\\/\\\/mk-beauty.com\\\/#organization\",\"name\":\"MK Beauty\",\"url\":\"https:\\\/\\\/mk-beauty.com\\\/\",\"logo\":{\"@type\":\"ImageObject\",\"inLanguage\":\"en-US\",\"@id\":\"https:\\\/\\\/mk-beauty.com\\\/#\\\/schema\\\/logo\\\/image\\\/\",\"url\":\"https:\\\/\\\/mk-beauty.com\\\/wp-content\\\/uploads\\\/2024\\\/12\\\/Black-Feminine-Beauty-Brows-Makeup-Artist-Logo-_20240730_132530_0001.png\",\"contentUrl\":\"https:\\\/\\\/mk-beauty.com\\\/wp-content\\\/uploads\\\/2024\\\/12\\\/Black-Feminine-Beauty-Brows-Makeup-Artist-Logo-_20240730_132530_0001.png\",\"width\":464,\"height\":426,\"caption\":\"MK Beauty\"},\"image\":{\"@id\":\"https:\\\/\\\/mk-beauty.com\\\/#\\\/schema\\\/logo\\\/image\\\/\"}}]}<\/script>\n<!-- \/ Yoast SEO plugin. -->","yoast_head_json":{"title":"Lip Oil Hydratant \u00e0 l'Acide Hyaluronique | Huile \u00e0 L\u00e8vres","description":"D\u00e9couvrez notre Lip Oil hydratante \u00e0 l'acide hyaluronique et Vitamine E. Nourrit, repulpe et apporte une brillance miroir sans coller. Commandez la v\u00f4tre!","robots":{"index":"index","follow":"follow","max-snippet":"max-snippet:-1","max-image-preview":"max-image-preview:large","max-video-preview":"max-video-preview:-1"},"canonical":"https:\/\/mk-beauty.com\/en\/product\/lip-oil-hyaluronique-vitamine-e-karite\/","og_locale":"en_US","og_type":"article","og_title":"Lip Oil: Protection et Douceur pour Vos L\u00e8vres","og_description":"Lip oil hydratant \u00e0 l\u2019acide hyaluronique enrichi en vitamine E, beurre de karit\u00e9 et huile de coco pour des l\u00e8vres nourries, brillantes et repulp\u00e9es. Texture l\u00e9g\u00e8re non collante et effet lip glow naturel.","og_url":"https:\/\/mk-beauty.com\/en\/product\/lip-oil-hyaluronique-vitamine-e-karite\/","og_site_name":"MK Beauty","article_modified_time":"2026-05-05T16:06:14+00:00","og_image":[{"width":1080,"height":1080,"url":"https:\/\/mk-beauty.com\/wp-content\/uploads\/2024\/12\/2.png","type":"image\/png"}],"twitter_card":"summary_large_image","twitter_misc":{"Est. reading time":"3 minutes"},"schema":{"@context":"https:\/\/schema.org","@graph":[{"@type":"WebPage","@id":"https:\/\/mk-beauty.com\/product\/lip-oil-hyaluronique-vitamine-e-karite\/","url":"https:\/\/mk-beauty.com\/product\/lip-oil-hyaluronique-vitamine-e-karite\/","name":"Lip Oil Hydratant \u00e0 l'Acide Hyaluronique | Huile \u00e0 L\u00e8vres","isPartOf":{"@id":"https:\/\/mk-beauty.com\/#website"},"primaryImageOfPage":{"@id":"https:\/\/mk-beauty.com\/product\/lip-oil-hyaluronique-vitamine-e-karite\/#primaryimage"},"image":{"@id":"https:\/\/mk-beauty.com\/product\/lip-oil-hyaluronique-vitamine-e-karite\/#primaryimage"},"thumbnailUrl":"https:\/\/mk-beauty.com\/wp-content\/uploads\/2024\/12\/2.png","datePublished":"2024-12-03T11:31:24+00:00","dateModified":"2026-05-05T16:06:14+00:00","description":"D\u00e9couvrez notre Lip Oil hydratante \u00e0 l'acide hyaluronique et Vitamine E. Nourrit, repulpe et apporte une brillance miroir sans coller. Commandez la v\u00f4tre!","breadcrumb":{"@id":"https:\/\/mk-beauty.com\/product\/lip-oil-hyaluronique-vitamine-e-karite\/#breadcrumb"},"inLanguage":"en-US","potentialAction":[{"@type":"ReadAction","target":["https:\/\/mk-beauty.com\/product\/lip-oil-hyaluronique-vitamine-e-karite\/"]}]},{"@type":"ImageObject","inLanguage":"en-US","@id":"https:\/\/mk-beauty.com\/product\/lip-oil-hyaluronique-vitamine-e-karite\/#primaryimage","url":"https:\/\/mk-beauty.com\/wp-content\/uploads\/2024\/12\/2.png","contentUrl":"https:\/\/mk-beauty.com\/wp-content\/uploads\/2024\/12\/2.png","width":1080,"height":1080},{"@type":"BreadcrumbList","@id":"https:\/\/mk-beauty.com\/product\/lip-oil-hyaluronique-vitamine-e-karite\/#breadcrumb","itemListElement":[{"@type":"ListItem","position":1,"name":"Home","item":"https:\/\/mk-beauty.com\/"},{"@type":"ListItem","position":2,"name":"Boutique","item":"https:\/\/mk-beauty.com\/shop\/"},{"@type":"ListItem","position":3,"name":"Lip Oil \u00e0 l\u2019Acide Hyaluronique"}]},{"@type":"WebSite","@id":"https:\/\/mk-beauty.com\/#website","url":"https:\/\/mk-beauty.com\/","name":"MK Beauty","description":"Wake-up &amp; Make-up the world needs your shine LADY","publisher":{"@id":"https:\/\/mk-beauty.com\/#organization"},"potentialAction":[{"@type":"SearchAction","target":{"@type":"EntryPoint","urlTemplate":"https:\/\/mk-beauty.com\/?s={search_term_string}"},"query-input":{"@type":"PropertyValueSpecification","valueRequired":true,"valueName":"search_term_string"}}],"inLanguage":"en-US"},{"@type":"Organization","@id":"https:\/\/mk-beauty.com\/#organization","name":"MK Beauty","url":"https:\/\/mk-beauty.com\/","logo":{"@type":"ImageObject","inLanguage":"en-US","@id":"https:\/\/mk-beauty.com\/#\/schema\/logo\/image\/","url":"https:\/\/mk-beauty.com\/wp-content\/uploads\/2024\/12\/Black-Feminine-Beauty-Brows-Makeup-Artist-Logo-_20240730_132530_0001.png","contentUrl":"https:\/\/mk-beauty.com\/wp-content\/uploads\/2024\/12\/Black-Feminine-Beauty-Brows-Makeup-Artist-Logo-_20240730_132530_0001.png","width":464,"height":426,"caption":"MK Beauty"},"image":{"@id":"https:\/\/mk-beauty.com\/#\/schema\/logo\/image\/"}}]}},"_links":{"self":[{"href":"https:\/\/mk-beauty.com\/en\/wp-json\/wp\/v2\/product\/136","targetHints":{"allow":["GET"]}}],"collection":[{"href":"https:\/\/mk-beauty.com\/en\/wp-json\/wp\/v2\/product"}],"about":[{"href":"https:\/\/mk-beauty.com\/en\/wp-json\/wp\/v2\/types\/product"}],"replies":[{"embeddable":true,"href":"https:\/\/mk-beauty.com\/en\/wp-json\/wp\/v2\/comments?post=136"}],"wp:featuredmedia":[{"embeddable":true,"href":"https:\/\/mk-beauty.com\/en\/wp-json\/wp\/v2\/media\/733"}],"wp:attachment":[{"href":"https:\/\/mk-beauty.com\/en\/wp-json\/wp\/v2\/media?parent=136"}],"wp:term":[{"taxonomy":"product_brand","embeddable":true,"href":"https:\/\/mk-beauty.com\/en\/wp-json\/wp\/v2\/product_brand?post=136"},{"taxonomy":"product_cat","embeddable":true,"href":"https:\/\/mk-beauty.com\/en\/wp-json\/wp\/v2\/product_cat?post=136"},{"taxonomy":"product_tag","embeddable":true,"href":"https:\/\/mk-beauty.com\/en\/wp-json\/wp\/v2\/product_tag?post=136"}],"curies":[{"name":"wp","href":"https:\/\/api.w.org\/{rel}","templated":true}]}}