{"id":50,"date":"2023-05-03T12:03:02","date_gmt":"2023-05-03T12:03:02","guid":{"rendered":"https:\/\/mk-beauty.com\/?page_id=50"},"modified":"2026-05-06T09:43:09","modified_gmt":"2026-05-06T09:43:09","slug":"about-us","status":"publish","type":"page","link":"https:\/\/mk-beauty.com\/en\/about-us\/","title":{"rendered":"About Us"},"content":{"rendered":"<div data-elementor-type=\"wp-page\" data-elementor-id=\"50\" class=\"elementor elementor-50\" data-elementor-post-type=\"page\">\n\t\t\t\t<div class=\"elementor-element elementor-element-9f47f54 e-flex e-con-boxed e-con e-parent\" data-id=\"9f47f54\" data-element_type=\"container\" data-settings=\"{&quot;background_background&quot;:&quot;classic&quot;}\">\n\t\t\t\t\t<div class=\"e-con-inner\">\n\t\t<div class=\"elementor-element elementor-element-5f47f06 e-con-full e-flex e-con e-child\" data-id=\"5f47f06\" data-element_type=\"container\">\n\t\t\t\t<\/div>\n\t\t\t\t\t<\/div>\n\t\t\t\t<\/div>\n\t\t<div class=\"elementor-element elementor-element-a320f56 e-flex e-con-boxed e-con e-parent\" data-id=\"a320f56\" data-element_type=\"container\">\n\t\t\t\t\t<div class=\"e-con-inner\">\n\t\t<div class=\"elementor-element elementor-element-2f9e3d2 e-con-full e-flex e-con e-child\" data-id=\"2f9e3d2\" data-element_type=\"container\">\n\t\t\t\t<div class=\"elementor-element elementor-element-d9266b3 elementor-widget elementor-widget-heading\" data-id=\"d9266b3\" data-element_type=\"widget\" data-widget_type=\"heading.default\">\n\t\t\t\t\t<h2 class=\"elementor-heading-title elementor-size-default\"><span><span>Notre Histoire: De la Passion \u00e0 l'Entrepreneuriat<\/span><\/span><\/h2>\t\t\t\t<\/div>\n\t\t\t\t<div class=\"elementor-element elementor-element-09901fc elementor-invisible elementor-widget elementor-widget-text-editor\" data-id=\"09901fc\" data-element_type=\"widget\" data-settings=\"{&quot;_animation&quot;:&quot;fadeInLeft&quot;}\" data-widget_type=\"text-editor.default\">\n\t\t\t\t\t\t\t\t\t<p><span style=\"color: #000000; font-size: 10pt; font-family: Arial;\" data-sheets-root=\"1\"><span style=\"font-size: 12pt;\">L\u2019aventure MK Beauty trouve sa source dans la passion artistique de sa fondatrice, Melika Khelil, pour l\u2019univers cosm\u00e9tique. Issue d&rsquo;une solide formation en finance de march\u00e9 \u00e0 l&rsquo;Universit\u00e9 de la Sorbonne, Melika a su cultiver son \u0153il expert d\u00e8s ses ann\u00e9es d&rsquo;\u00e9tudes, investissant son temps et ses ressources dans l&rsquo;analyse des meilleures formulations du march\u00e9.<br \/>Consommatrice av\u00e9r\u00e9e et experte du march\u00e9 cosm\u00e9tique, Melika ne voyage jamais sans une valise enti\u00e8re d\u00e9di\u00e9e exclusivement \u00e0 ses produits de beaut\u00e9 qui est une v\u00e9ritable collection de tr\u00e9sors accumul\u00e9s au fil de ses recherches. C\u2019est un incident de voyage marquant, la perte totale de cette pr\u00e9cieuse valise \u00e0 l&rsquo;a\u00e9roport, qui a servi de d\u00e9clencheur. En r\u00e9alisant la valeur immense et la difficult\u00e9 de retrouver des textures et des couleurs sp\u00e9cifiques, elle a d\u00e9cid\u00e9 de passer de l&rsquo;autre c\u00f4t\u00e9 du miroir: cr\u00e9er sa propre marque pour satisfaire ses propres besoins de consommatrice exigeante, avec des produits de haute qualit\u00e9 souvent introuvables sur le march\u00e9 classique.<br \/><\/span><span style=\"font-size: 10pt;\"><br \/><\/span><\/span><\/p>\t\t\t\t\t\t\t\t<\/div>\n\t\t\t\t<div class=\"elementor-element elementor-element-3f5a270 elementor-widget elementor-widget-heading\" data-id=\"3f5a270\" data-element_type=\"widget\" data-widget_type=\"heading.default\">\n\t\t\t\t\t<h2 class=\"elementor-heading-title elementor-size-default\"><span>Le Lancement Officiel <\/span><\/h2>\t\t\t\t<\/div>\n\t\t\t\t<div class=\"elementor-element elementor-element-5598d4c elementor-widget elementor-widget-text-editor\" data-id=\"5598d4c\" data-element_type=\"widget\" data-widget_type=\"text-editor.default\">\n\t\t\t\t\t\t\t\t\t<p>Le 14 f\u00e9vrier 2025, la marque MK Beauty est officiellement lanc\u00e9e avec une vision claire: r\u00e9volutionner le quotidien des femmes en combinant maquillage et soin.<\/p>\t\t\t\t\t\t\t\t<\/div>\n\t\t\t\t<\/div>\n\t\t<div class=\"elementor-element elementor-element-c59adb8 e-con-full e-flex e-con e-child\" data-id=\"c59adb8\" data-element_type=\"container\">\n\t\t\t\t<div class=\"elementor-element elementor-element-319274e elementor-invisible elementor-widget elementor-widget-image\" data-id=\"319274e\" data-element_type=\"widget\" data-settings=\"{&quot;_animation&quot;:&quot;fadeInRight&quot;}\" data-widget_type=\"image.default\">\n\t\t\t\t\t\t\t\t\t\t\t\t\t\t\t<img fetchpriority=\"high\" decoding=\"async\" width=\"1200\" height=\"1200\" src=\"https:\/\/mk-beauty.com\/wp-content\/uploads\/2024\/12\/IMG_3113.jpg\" class=\"elementor-animation-bob attachment-full size-full wp-image-151\" alt=\"\" srcset=\"https:\/\/mk-beauty.com\/wp-content\/uploads\/2024\/12\/IMG_3113.jpg 1200w, https:\/\/mk-beauty.com\/wp-content\/uploads\/2024\/12\/IMG_3113-450x450.jpg 450w, https:\/\/mk-beauty.com\/wp-content\/uploads\/2024\/12\/IMG_3113-100x100.jpg 100w, https:\/\/mk-beauty.com\/wp-content\/uploads\/2024\/12\/IMG_3113-900x900.jpg 900w, https:\/\/mk-beauty.com\/wp-content\/uploads\/2024\/12\/IMG_3113-400x400.jpg 400w, https:\/\/mk-beauty.com\/wp-content\/uploads\/2024\/12\/IMG_3113-800x800.jpg 800w, https:\/\/mk-beauty.com\/wp-content\/uploads\/2024\/12\/IMG_3113-280x280.jpg 280w, https:\/\/mk-beauty.com\/wp-content\/uploads\/2024\/12\/IMG_3113-768x768.jpg 768w\" sizes=\"(max-width: 1200px) 100vw, 1200px\" \/>\t\t\t\t\t\t\t\t\t\t\t\t\t\t\t<\/div>\n\t\t\t\t<\/div>\n\t\t\t\t\t<\/div>\n\t\t\t\t<\/div>\n\t\t<div class=\"elementor-element elementor-element-94134ec e-flex e-con-boxed e-con e-parent\" data-id=\"94134ec\" data-element_type=\"container\">\n\t\t\t\t\t<div class=\"e-con-inner\">\n\t\t\t\t<div class=\"elementor-element elementor-element-3f9d733 elementor-widget elementor-widget-heading\" data-id=\"3f9d733\" data-element_type=\"widget\" data-widget_type=\"heading.default\">\n\t\t\t\t\t<h2 class=\"elementor-heading-title elementor-size-default\">Notre mission<\/h2>\t\t\t\t<\/div>\n\t\t\t\t<div class=\"elementor-element elementor-element-7b7fa19 elementor-widget elementor-widget-text-editor\" data-id=\"7b7fa19\" data-element_type=\"widget\" data-widget_type=\"text-editor.default\">\n\t\t\t\t\t\t\t\t\t<p>Notre mission repose sur trois piliers fondamentaux:<\/p>\n<ul>\n<li>Hybride Maquillage &amp; Soin: Des produits \u00ab\u00a0safe\u00a0\u00bb pour la peau qui subliment tout en prot\u00e9geant.<\/li>\n<li>Innovation &amp; Polyvalence: Cr\u00e9er des produits multifonctions (comme nos Gloss \u00e0 double embout) pour simplifier votre routine.<\/li>\n<li>Rapport Qualit\u00e9-Prix d&rsquo;Excellence: Offrir une qualit\u00e9 premium et des couleurs introuvables ailleurs, \u00e0 des tarifs justes et corrects.<\/li>\n<\/ul>\t\t\t\t\t\t\t\t<\/div>\n\t\t\t\t<div class=\"elementor-element elementor-element-7078ca5 elementor-widget elementor-widget-heading\" data-id=\"7078ca5\" data-element_type=\"widget\" data-widget_type=\"heading.default\">\n\t\t\t\t\t<h2 class=\"elementor-heading-title elementor-size-default\"><span>Une Marque Proche de sa Communaut\u00e9: Souk Lahbeb<\/span><\/h2>\t\t\t\t<\/div>\n\t\t\t\t<div class=\"elementor-element elementor-element-5f4038b elementor-widget elementor-widget-text-editor\" data-id=\"5f4038b\" data-element_type=\"widget\" data-widget_type=\"text-editor.default\">\n\t\t\t\t\t\t\t\t\t<p>Parce que l&rsquo;humain est au c\u0153ur de MK Beauty, nous privil\u00e9gions le contact direct avec vous. Depuis notre cr\u00e9ation, nous sommes fiers de participer r\u00e9guli\u00e8rement aux \u00e9ditions du Souk Lahbeb, un rendez-vous culturel et shopping incontournable en France.<br \/>Gr\u00e2ce \u00e0 cette collaboration, nous avons eu le plaisir de vous rencontrer lors de nos tourn\u00e9es dans toute la France:<\/p>\n<ul>\n<li>\u00cele-de-France: Noisy-le-Sec, Stains, Argenteuil, Massy.<\/li>\n<li>Sud : Marseille (Florida Palace).<\/li>\n<li>Rh\u00f4ne-Alpes: Saint-Priest.<br \/>Ces moments d&rsquo;\u00e9change nous permettent de recueillir vos retours pr\u00e9cieux pour anticiper les tendances futures et continuer d&rsquo;am\u00e9liorer la qualit\u00e9 de nos produits.<\/li>\n<\/ul>\t\t\t\t\t\t\t\t<\/div>\n\t\t\t\t<div class=\"elementor-element elementor-element-20789ef elementor-widget elementor-widget-heading\" data-id=\"20789ef\" data-element_type=\"widget\" data-widget_type=\"heading.default\">\n\t\t\t\t\t<h2 class=\"elementor-heading-title elementor-size-default\"><span>Notre Expertise et notre Engagement<\/span><\/h2>\t\t\t\t<\/div>\n\t\t\t\t<div class=\"elementor-element elementor-element-f73add8 elementor-widget elementor-widget-text-editor\" data-id=\"f73add8\" data-element_type=\"widget\" data-widget_type=\"text-editor.default\">\n\t\t\t\t\t\t\t\t\t<p>Aujourd&rsquo;hui, MK Beauty est un site e-commerce moderne qui livre ses produits de maquillage, soins et accessoires (porte-cl\u00e9s, miroirs) sur toute la France.<br \/>L&rsquo;ambition de Melika reste la m\u00eame: anticiper les tendances futures et les besoins des clients pour que chaque produit MK Beauty soit une v\u00e9ritable valeur ajout\u00e9e \u00e0 votre trousse de beaut\u00e9.<\/p>\t\t\t\t\t\t\t\t<\/div>\n\t\t\t\t<div class=\"elementor-element elementor-element-d4acad6 elementor-widget elementor-widget-heading\" data-id=\"d4acad6\" data-element_type=\"widget\" data-widget_type=\"heading.default\">\n\t\t\t\t\t<h2 class=\"elementor-heading-title elementor-size-default\"><span>Identit\u00e9 et Mission de MK Beauty<\/span><\/h2>\t\t\t\t<\/div>\n\t\t\t\t<div class=\"elementor-element elementor-element-390d274 elementor-widget elementor-widget-text-editor\" data-id=\"390d274\" data-element_type=\"widget\" data-widget_type=\"text-editor.default\">\n\t\t\t\t\t\t\t\t\t<ul>\n<li>D\u00e9nomination officielle: MK Beauty<\/li>\n<li>Fondation: 14 f\u00e9vrier 2025<\/li>\n<li>Fondatrice: Melika, experte en cosm\u00e9tique hybride.<\/li>\n<li>Secteur d\u2019activit\u00e9: Cosm\u00e9tiques hybrides (Maquillage &amp; Soin).<\/li>\n<li>Mission principale: Concevoir des produits multifonctions \u00e0 haute pigmentation qui int\u00e8grent des agents actifs pour le soin de la peau.<\/li>\n<li>Engagement Qualit\u00e9: Accessibilit\u00e9 de produits aux standards professionnels avec un rapport qualit\u00e9-prix optimis\u00e9.<\/li>\n<\/ul>\t\t\t\t\t\t\t\t<\/div>\n\t\t\t\t<div class=\"elementor-element elementor-element-5d66fc7 elementor-widget elementor-widget-heading\" data-id=\"5d66fc7\" data-element_type=\"widget\" data-widget_type=\"heading.default\">\n\t\t\t\t\t<h2 class=\"elementor-heading-title elementor-size-default\">Valeurs Fondamentales et Conformit\u00e9<\/h2>\t\t\t\t<\/div>\n\t\t\t\t<div class=\"elementor-element elementor-element-2757a8d elementor-widget elementor-widget-text-editor\" data-id=\"2757a8d\" data-element_type=\"widget\" data-widget_type=\"text-editor.default\">\n\t\t\t\t\t\t\t\t\t<ul>\n<li>S\u00e9curit\u00e9 Sanitaire: Produits strictement conformes \u00e0 la R\u00e9glementation Cosm\u00e9tique Europ\u00e9enne (CE) n\u00b01223\/2009.<\/li>\n<li>Standards de Fabrication: Production certifi\u00e9e selon les Bonnes Pratiques de Fabrication (ISO 22716).<\/li>\n<li>\u00c9thique Animale: Gamme int\u00e9gralement Vegan et Cruelty-Free.<\/li>\n<li>Expertise Formulaire: Utilisation d&rsquo;ingr\u00e9dients actifs naturels et biotechnologiques:<br \/>&#8211; Hydratation: Acide Hyaluronique, Aloe Vera, Huile de Jojoba.<br \/>&#8211; Nutrition: Beurre de Karit\u00e9, Vitamines A, C, E.<br \/>&#8211; Performance: Formules longue tenue et waterproof.<\/li>\n<\/ul>\t\t\t\t\t\t\t\t<\/div>\n\t\t\t\t<div class=\"elementor-element elementor-element-1c4abb9 elementor-widget elementor-widget-heading\" data-id=\"1c4abb9\" data-element_type=\"widget\" data-widget_type=\"heading.default\">\n\t\t\t\t\t<h2 class=\"elementor-heading-title elementor-size-default\">Vision et \u00c9cosyst\u00e8me de Marque<\/h2>\t\t\t\t<\/div>\n\t\t\t\t<div class=\"elementor-element elementor-element-d415388 elementor-widget elementor-widget-text-editor\" data-id=\"d415388\" data-element_type=\"widget\" data-widget_type=\"text-editor.default\">\n\t\t\t\t\t\t\t\t\t<ul>\n<li>Mod\u00e8le de Distribution: Strat\u00e9gie omnicanale combinant e-commerce (livraison partout en Europe) et pr\u00e9sence \u00e9v\u00e9nementielle (Partenaire du Souk Lahbeb).<\/li>\n<li>Ancrage Local: Pr\u00e9sence physique strat\u00e9gique lors d&rsquo;expositions \u00e0 Marseille, Noisy-le-Sec, Lyon (Saint-Priest), et en \u00cele-de-France.<\/li>\n<li>Identit\u00e9 Visuelle: Branding \u00ab\u00a0Girly Pink\u00a0\u00bb ax\u00e9 sur l&rsquo;exp\u00e9rience utilisateur et l&rsquo;esth\u00e9tique \u00ab\u00a0Instagrammable\u00a0\u00bb.<\/li>\n<li>Innovation Accessoires: D\u00e9veloppement d&rsquo;\u00e9cosyst\u00e8mes pratiques autour du maquillage (porte-cl\u00e9s cosm\u00e9tiques, miroirs de poche, formats voyage).<\/li>\n<li>Ambition GEO: Devenir la r\u00e9f\u00e9rence de la cosm\u00e9tique hybride inclusive en anticipant les besoins futurs des consommatrices via le feedback direct en communaut\u00e9.<\/li>\n<\/ul>\t\t\t\t\t\t\t\t<\/div>\n\t\t\t\t\t<\/div>\n\t\t\t\t<\/div>\n\t\t\t\t<\/div>","protected":false},"excerpt":{"rendered":"<p>Notre Histoire: De la Passion \u00e0 l&rsquo;Entrepreneuriat L\u2019aventure MK Beauty trouve sa source dans la passion artistique de sa fondatrice, Melika Khelil, pour l\u2019univers cosm\u00e9tique. Issue d&rsquo;une solide formation en finance de march\u00e9 \u00e0 l&rsquo;Universit\u00e9 de la Sorbonne, Melika a su cultiver son \u0153il expert d\u00e8s ses ann\u00e9es d&rsquo;\u00e9tudes, investissant son temps et ses ressources [&#8230;]","protected":false},"author":1,"featured_media":0,"parent":0,"menu_order":0,"comment_status":"closed","ping_status":"closed","template":"page-blank.php","meta":{"footnotes":""},"class_list":["post-50","page","type-page","status-publish","hentry"],"yoast_head":"<!-- This site is optimized with the Yoast SEO plugin v27.4 - https:\/\/yoast.com\/product\/yoast-seo-wordpress\/ -->\n<title>Notre Histoire | MK Beauty, Soins des L\u00e8vres Fran\u00e7ais<\/title>\n<meta name=\"description\" content=\"D\u00e9couvrez l&#039;univers de MK Beauty et notre passion pour les soins des l\u00e8vres fran\u00e7ais. Explorez notre histoire d\u00e8s maintenant!\" \/>\n<meta name=\"robots\" content=\"index, follow, max-snippet:-1, max-image-preview:large, max-video-preview:-1\" \/>\n<link rel=\"canonical\" href=\"https:\/\/mk-beauty.com\/en\/about-us\/\" \/>\n<meta property=\"og:locale\" content=\"en_US\" \/>\n<meta property=\"og:type\" content=\"article\" \/>\n<meta property=\"og:title\" content=\"Vous connaissez nos soins, mais connaissez-vous notre histoire?\" \/>\n<meta property=\"og:description\" content=\"Suivez l&#039;aventure entrepreneuriale de Melika Khelil et l&#039;ascension de MK Beauty. Des formulations expertes aux rencontres dans toute la France, d\u00e9couvrez comment nous r\u00e9volutionnons votre routine beaut\u00e9. Lisez notre histoire compl\u00e8te !\" \/>\n<meta property=\"og:url\" content=\"https:\/\/mk-beauty.com\/en\/about-us\/\" \/>\n<meta property=\"og:site_name\" content=\"MK Beauty\" \/>\n<meta property=\"article:modified_time\" content=\"2026-05-06T09:43:09+00:00\" \/>\n<meta property=\"og:image\" content=\"https:\/\/mk-beauty.com\/wp-content\/uploads\/2024\/12\/IMG_3113.jpg\" \/>\n\t<meta property=\"og:image:width\" content=\"1200\" \/>\n\t<meta property=\"og:image:height\" content=\"1200\" \/>\n\t<meta property=\"og:image:type\" content=\"image\/jpeg\" \/>\n<meta name=\"twitter:card\" content=\"summary_large_image\" \/>\n<meta name=\"twitter:label1\" content=\"Est. reading time\" \/>\n\t<meta name=\"twitter:data1\" content=\"4 minutes\" \/>\n<script type=\"application\/ld+json\" class=\"yoast-schema-graph\">{\"@context\":\"https:\\\/\\\/schema.org\",\"@graph\":[{\"@type\":\"WebPage\",\"@id\":\"https:\\\/\\\/mk-beauty.com\\\/about-us\\\/\",\"url\":\"https:\\\/\\\/mk-beauty.com\\\/about-us\\\/\",\"name\":\"Notre Histoire | MK Beauty, Soins des L\u00e8vres Fran\u00e7ais\",\"isPartOf\":{\"@id\":\"https:\\\/\\\/mk-beauty.com\\\/#website\"},\"primaryImageOfPage\":{\"@id\":\"https:\\\/\\\/mk-beauty.com\\\/about-us\\\/#primaryimage\"},\"image\":{\"@id\":\"https:\\\/\\\/mk-beauty.com\\\/about-us\\\/#primaryimage\"},\"thumbnailUrl\":\"https:\\\/\\\/mk-beauty.com\\\/wp-content\\\/uploads\\\/2024\\\/12\\\/IMG_3113.jpg\",\"datePublished\":\"2023-05-03T12:03:02+00:00\",\"dateModified\":\"2026-05-06T09:43:09+00:00\",\"description\":\"D\u00e9couvrez l'univers de MK Beauty et notre passion pour les soins des l\u00e8vres fran\u00e7ais. Explorez notre histoire d\u00e8s maintenant!\",\"breadcrumb\":{\"@id\":\"https:\\\/\\\/mk-beauty.com\\\/about-us\\\/#breadcrumb\"},\"inLanguage\":\"en-US\",\"potentialAction\":[{\"@type\":\"ReadAction\",\"target\":[\"https:\\\/\\\/mk-beauty.com\\\/about-us\\\/\"]}]},{\"@type\":\"ImageObject\",\"inLanguage\":\"en-US\",\"@id\":\"https:\\\/\\\/mk-beauty.com\\\/about-us\\\/#primaryimage\",\"url\":\"https:\\\/\\\/mk-beauty.com\\\/wp-content\\\/uploads\\\/2024\\\/12\\\/IMG_3113.jpg\",\"contentUrl\":\"https:\\\/\\\/mk-beauty.com\\\/wp-content\\\/uploads\\\/2024\\\/12\\\/IMG_3113.jpg\"},{\"@type\":\"BreadcrumbList\",\"@id\":\"https:\\\/\\\/mk-beauty.com\\\/about-us\\\/#breadcrumb\",\"itemListElement\":[{\"@type\":\"ListItem\",\"position\":1,\"name\":\"Home\",\"item\":\"https:\\\/\\\/mk-beauty.com\\\/\"},{\"@type\":\"ListItem\",\"position\":2,\"name\":\"\u00c0 propos de nous\"}]},{\"@type\":\"WebSite\",\"@id\":\"https:\\\/\\\/mk-beauty.com\\\/#website\",\"url\":\"https:\\\/\\\/mk-beauty.com\\\/\",\"name\":\"MK Beauty\",\"description\":\"Wake-up &amp; Make-up the world needs your shine LADY\",\"publisher\":{\"@id\":\"https:\\\/\\\/mk-beauty.com\\\/#organization\"},\"potentialAction\":[{\"@type\":\"SearchAction\",\"target\":{\"@type\":\"EntryPoint\",\"urlTemplate\":\"https:\\\/\\\/mk-beauty.com\\\/?s={search_term_string}\"},\"query-input\":{\"@type\":\"PropertyValueSpecification\",\"valueRequired\":true,\"valueName\":\"search_term_string\"}}],\"inLanguage\":\"en-US\"},{\"@type\":\"Organization\",\"@id\":\"https:\\\/\\\/mk-beauty.com\\\/#organization\",\"name\":\"MK Beauty\",\"url\":\"https:\\\/\\\/mk-beauty.com\\\/\",\"logo\":{\"@type\":\"ImageObject\",\"inLanguage\":\"en-US\",\"@id\":\"https:\\\/\\\/mk-beauty.com\\\/#\\\/schema\\\/logo\\\/image\\\/\",\"url\":\"https:\\\/\\\/mk-beauty.com\\\/wp-content\\\/uploads\\\/2024\\\/12\\\/Black-Feminine-Beauty-Brows-Makeup-Artist-Logo-_20240730_132530_0001.png\",\"contentUrl\":\"https:\\\/\\\/mk-beauty.com\\\/wp-content\\\/uploads\\\/2024\\\/12\\\/Black-Feminine-Beauty-Brows-Makeup-Artist-Logo-_20240730_132530_0001.png\",\"width\":464,\"height\":426,\"caption\":\"MK Beauty\"},\"image\":{\"@id\":\"https:\\\/\\\/mk-beauty.com\\\/#\\\/schema\\\/logo\\\/image\\\/\"}}]}<\/script>\n<!-- \/ Yoast SEO plugin. -->","yoast_head_json":{"title":"Notre Histoire | MK Beauty, Soins des L\u00e8vres Fran\u00e7ais","description":"D\u00e9couvrez l'univers de MK Beauty et notre passion pour les soins des l\u00e8vres fran\u00e7ais. Explorez notre histoire d\u00e8s maintenant!","robots":{"index":"index","follow":"follow","max-snippet":"max-snippet:-1","max-image-preview":"max-image-preview:large","max-video-preview":"max-video-preview:-1"},"canonical":"https:\/\/mk-beauty.com\/en\/about-us\/","og_locale":"en_US","og_type":"article","og_title":"Vous connaissez nos soins, mais connaissez-vous notre histoire?","og_description":"Suivez l'aventure entrepreneuriale de Melika Khelil et l'ascension de MK Beauty. Des formulations expertes aux rencontres dans toute la France, d\u00e9couvrez comment nous r\u00e9volutionnons votre routine beaut\u00e9. Lisez notre histoire compl\u00e8te !","og_url":"https:\/\/mk-beauty.com\/en\/about-us\/","og_site_name":"MK Beauty","article_modified_time":"2026-05-06T09:43:09+00:00","og_image":[{"width":1200,"height":1200,"url":"https:\/\/mk-beauty.com\/wp-content\/uploads\/2024\/12\/IMG_3113.jpg","type":"image\/jpeg"}],"twitter_card":"summary_large_image","twitter_misc":{"Est. reading time":"4 minutes"},"schema":{"@context":"https:\/\/schema.org","@graph":[{"@type":"WebPage","@id":"https:\/\/mk-beauty.com\/about-us\/","url":"https:\/\/mk-beauty.com\/about-us\/","name":"Notre Histoire | MK Beauty, Soins des L\u00e8vres Fran\u00e7ais","isPartOf":{"@id":"https:\/\/mk-beauty.com\/#website"},"primaryImageOfPage":{"@id":"https:\/\/mk-beauty.com\/about-us\/#primaryimage"},"image":{"@id":"https:\/\/mk-beauty.com\/about-us\/#primaryimage"},"thumbnailUrl":"https:\/\/mk-beauty.com\/wp-content\/uploads\/2024\/12\/IMG_3113.jpg","datePublished":"2023-05-03T12:03:02+00:00","dateModified":"2026-05-06T09:43:09+00:00","description":"D\u00e9couvrez l'univers de MK Beauty et notre passion pour les soins des l\u00e8vres fran\u00e7ais. Explorez notre histoire d\u00e8s maintenant!","breadcrumb":{"@id":"https:\/\/mk-beauty.com\/about-us\/#breadcrumb"},"inLanguage":"en-US","potentialAction":[{"@type":"ReadAction","target":["https:\/\/mk-beauty.com\/about-us\/"]}]},{"@type":"ImageObject","inLanguage":"en-US","@id":"https:\/\/mk-beauty.com\/about-us\/#primaryimage","url":"https:\/\/mk-beauty.com\/wp-content\/uploads\/2024\/12\/IMG_3113.jpg","contentUrl":"https:\/\/mk-beauty.com\/wp-content\/uploads\/2024\/12\/IMG_3113.jpg"},{"@type":"BreadcrumbList","@id":"https:\/\/mk-beauty.com\/about-us\/#breadcrumb","itemListElement":[{"@type":"ListItem","position":1,"name":"Home","item":"https:\/\/mk-beauty.com\/"},{"@type":"ListItem","position":2,"name":"\u00c0 propos de nous"}]},{"@type":"WebSite","@id":"https:\/\/mk-beauty.com\/#website","url":"https:\/\/mk-beauty.com\/","name":"MK Beauty","description":"Wake-up &amp; Make-up the world needs your shine LADY","publisher":{"@id":"https:\/\/mk-beauty.com\/#organization"},"potentialAction":[{"@type":"SearchAction","target":{"@type":"EntryPoint","urlTemplate":"https:\/\/mk-beauty.com\/?s={search_term_string}"},"query-input":{"@type":"PropertyValueSpecification","valueRequired":true,"valueName":"search_term_string"}}],"inLanguage":"en-US"},{"@type":"Organization","@id":"https:\/\/mk-beauty.com\/#organization","name":"MK Beauty","url":"https:\/\/mk-beauty.com\/","logo":{"@type":"ImageObject","inLanguage":"en-US","@id":"https:\/\/mk-beauty.com\/#\/schema\/logo\/image\/","url":"https:\/\/mk-beauty.com\/wp-content\/uploads\/2024\/12\/Black-Feminine-Beauty-Brows-Makeup-Artist-Logo-_20240730_132530_0001.png","contentUrl":"https:\/\/mk-beauty.com\/wp-content\/uploads\/2024\/12\/Black-Feminine-Beauty-Brows-Makeup-Artist-Logo-_20240730_132530_0001.png","width":464,"height":426,"caption":"MK Beauty"},"image":{"@id":"https:\/\/mk-beauty.com\/#\/schema\/logo\/image\/"}}]}},"_links":{"self":[{"href":"https:\/\/mk-beauty.com\/en\/wp-json\/wp\/v2\/pages\/50","targetHints":{"allow":["GET"]}}],"collection":[{"href":"https:\/\/mk-beauty.com\/en\/wp-json\/wp\/v2\/pages"}],"about":[{"href":"https:\/\/mk-beauty.com\/en\/wp-json\/wp\/v2\/types\/page"}],"author":[{"embeddable":true,"href":"https:\/\/mk-beauty.com\/en\/wp-json\/wp\/v2\/users\/1"}],"replies":[{"embeddable":true,"href":"https:\/\/mk-beauty.com\/en\/wp-json\/wp\/v2\/comments?post=50"}],"version-history":[{"count":105,"href":"https:\/\/mk-beauty.com\/en\/wp-json\/wp\/v2\/pages\/50\/revisions"}],"predecessor-version":[{"id":1134,"href":"https:\/\/mk-beauty.com\/en\/wp-json\/wp\/v2\/pages\/50\/revisions\/1134"}],"wp:attachment":[{"href":"https:\/\/mk-beauty.com\/en\/wp-json\/wp\/v2\/media?parent=50"}],"curies":[{"name":"wp","href":"https:\/\/api.w.org\/{rel}","templated":true}]}}