{"id":448,"date":"2025-06-04T10:40:37","date_gmt":"2025-06-04T10:40:37","guid":{"rendered":"https:\/\/mk-beauty.com\/?page_id=448"},"modified":"2026-04-28T20:04:59","modified_gmt":"2026-04-28T20:04:59","slug":"shipping-policy","status":"publish","type":"page","link":"https:\/\/mk-beauty.com\/en\/shipping-policy\/","title":{"rendered":"Shipping Policy"},"content":{"rendered":"<div class=\"container section-title-container\" ><h3 class=\"section-title section-title-center\"><b><\/b><span class=\"section-title-main\" >Politique d'exp\u00e9dition<\/span><b><\/b><\/h3><\/div>\n\n<div class=\"row align-middle align-center\"  id=\"row-203547264\">\n\n\n\t<div id=\"col-1986655981\" class=\"col medium-10 small-12 large-10\"  >\n\t\t\t\t<div class=\"col-inner\"  >\n\t\t\t\n\t\t\t\n\n<div><strong>Processing Time<\/strong><\/div>\n<div>All orders are processed and shipped within 2 to 4 business days (excluding weekends and holidays). Once your order has been shipped, you will receive a confirmation email with a tracking number.<\/div>\n<div>\u00a0<\/div>\n<div><strong>Shipping Methods<\/strong><\/div>\n<div>We ship to France and Europe  using the following carriers:<\/div>\n<div>\u00a0<\/div>\n<div>France: Colissimo<\/div>\n<div>\u00a0<\/div>\n<div>Europe: The Post Office<\/div>\n\n\t\t<\/div>\n\t\t\t\t\t<\/div>\n\n\t\n\n<\/div>","protected":false},"excerpt":{"rendered":"","protected":false},"author":1,"featured_media":0,"parent":0,"menu_order":0,"comment_status":"closed","ping_status":"closed","template":"","meta":{"footnotes":""},"class_list":["post-448","page","type-page","status-publish","hentry"],"yoast_head":"<!-- This site is optimized with the Yoast SEO plugin v27.4 - https:\/\/yoast.com\/product\/yoast-seo-wordpress\/ -->\n<title>Politique de Livraison - MK Beauty<\/title>\n<meta name=\"description\" content=\"Profitez de la livraison et exp\u00e9dition MK Beauty pour toutes vos commandes de maquillage et accessoires. V\u00e9rifiez nos modes d&#039;envoi!\" \/>\n<meta name=\"robots\" content=\"index, follow, max-snippet:-1, max-image-preview:large, max-video-preview:-1\" \/>\n<link rel=\"canonical\" href=\"https:\/\/mk-beauty.com\/en\/shipping-policy\/\" \/>\n<meta property=\"og:locale\" content=\"en_US\" \/>\n<meta property=\"og:type\" content=\"article\" \/>\n<meta property=\"og:title\" content=\"Politique de livraison MK Beauty\" \/>\n<meta property=\"og:description\" content=\"Suivez l&#039;exp\u00e9dition de vos produits MK Beauty et d\u00e9couvrez nos tarifs de livraison. Profitez d&#039;un service rapide et transparent pour sublimer vos l\u00e8vres sans attendre. D\u00e9couvrez nos modes d&#039;envoi ici!\" \/>\n<meta property=\"og:url\" content=\"https:\/\/mk-beauty.com\/en\/shipping-policy\/\" \/>\n<meta property=\"og:site_name\" content=\"MK Beauty\" \/>\n<meta property=\"article:modified_time\" content=\"2026-04-28T20:04:59+00:00\" \/>\n<meta property=\"og:image\" content=\"https:\/\/mk-beauty.com\/wp-content\/uploads\/2025\/07\/LOGO-FINAL-MK-BEAUTY-2.png\" \/>\n\t<meta property=\"og:image:width\" content=\"2000\" \/>\n\t<meta property=\"og:image:height\" content=\"1329\" \/>\n\t<meta property=\"og:image:type\" content=\"image\/png\" \/>\n<meta name=\"twitter:card\" content=\"summary_large_image\" \/>\n<meta name=\"twitter:label1\" content=\"Est. reading time\" \/>\n\t<meta name=\"twitter:data1\" content=\"1 minute\" \/>\n<script type=\"application\/ld+json\" class=\"yoast-schema-graph\">{\"@context\":\"https:\\\/\\\/schema.org\",\"@graph\":[{\"@type\":\"WebPage\",\"@id\":\"https:\\\/\\\/mk-beauty.com\\\/shipping-policy\\\/\",\"url\":\"https:\\\/\\\/mk-beauty.com\\\/shipping-policy\\\/\",\"name\":\"Politique de Livraison - MK Beauty\",\"isPartOf\":{\"@id\":\"https:\\\/\\\/mk-beauty.com\\\/#website\"},\"datePublished\":\"2025-06-04T10:40:37+00:00\",\"dateModified\":\"2026-04-28T20:04:59+00:00\",\"description\":\"Profitez de la livraison et exp\u00e9dition MK Beauty pour toutes vos commandes de maquillage et accessoires. V\u00e9rifiez nos modes d'envoi!\",\"breadcrumb\":{\"@id\":\"https:\\\/\\\/mk-beauty.com\\\/shipping-policy\\\/#breadcrumb\"},\"inLanguage\":\"en-US\",\"potentialAction\":[{\"@type\":\"ReadAction\",\"target\":[\"https:\\\/\\\/mk-beauty.com\\\/shipping-policy\\\/\"]}]},{\"@type\":\"BreadcrumbList\",\"@id\":\"https:\\\/\\\/mk-beauty.com\\\/shipping-policy\\\/#breadcrumb\",\"itemListElement\":[{\"@type\":\"ListItem\",\"position\":1,\"name\":\"Home\",\"item\":\"https:\\\/\\\/mk-beauty.com\\\/\"},{\"@type\":\"ListItem\",\"position\":2,\"name\":\"Politique d&rsquo;exp\u00e9dition\"}]},{\"@type\":\"WebSite\",\"@id\":\"https:\\\/\\\/mk-beauty.com\\\/#website\",\"url\":\"https:\\\/\\\/mk-beauty.com\\\/\",\"name\":\"MK Beauty\",\"description\":\"Wake-up &amp; Make-up the world needs your shine LADY\",\"publisher\":{\"@id\":\"https:\\\/\\\/mk-beauty.com\\\/#organization\"},\"potentialAction\":[{\"@type\":\"SearchAction\",\"target\":{\"@type\":\"EntryPoint\",\"urlTemplate\":\"https:\\\/\\\/mk-beauty.com\\\/?s={search_term_string}\"},\"query-input\":{\"@type\":\"PropertyValueSpecification\",\"valueRequired\":true,\"valueName\":\"search_term_string\"}}],\"inLanguage\":\"en-US\"},{\"@type\":\"Organization\",\"@id\":\"https:\\\/\\\/mk-beauty.com\\\/#organization\",\"name\":\"MK Beauty\",\"url\":\"https:\\\/\\\/mk-beauty.com\\\/\",\"logo\":{\"@type\":\"ImageObject\",\"inLanguage\":\"en-US\",\"@id\":\"https:\\\/\\\/mk-beauty.com\\\/#\\\/schema\\\/logo\\\/image\\\/\",\"url\":\"https:\\\/\\\/mk-beauty.com\\\/wp-content\\\/uploads\\\/2024\\\/12\\\/Black-Feminine-Beauty-Brows-Makeup-Artist-Logo-_20240730_132530_0001.png\",\"contentUrl\":\"https:\\\/\\\/mk-beauty.com\\\/wp-content\\\/uploads\\\/2024\\\/12\\\/Black-Feminine-Beauty-Brows-Makeup-Artist-Logo-_20240730_132530_0001.png\",\"width\":464,\"height\":426,\"caption\":\"MK Beauty\"},\"image\":{\"@id\":\"https:\\\/\\\/mk-beauty.com\\\/#\\\/schema\\\/logo\\\/image\\\/\"}}]}<\/script>\n<!-- \/ Yoast SEO plugin. -->","yoast_head_json":{"title":"Politique de Livraison - MK Beauty","description":"Profitez de la livraison et exp\u00e9dition MK Beauty pour toutes vos commandes de maquillage et accessoires. V\u00e9rifiez nos modes d'envoi!","robots":{"index":"index","follow":"follow","max-snippet":"max-snippet:-1","max-image-preview":"max-image-preview:large","max-video-preview":"max-video-preview:-1"},"canonical":"https:\/\/mk-beauty.com\/en\/shipping-policy\/","og_locale":"en_US","og_type":"article","og_title":"Politique de livraison MK Beauty","og_description":"Suivez l'exp\u00e9dition de vos produits MK Beauty et d\u00e9couvrez nos tarifs de livraison. Profitez d'un service rapide et transparent pour sublimer vos l\u00e8vres sans attendre. D\u00e9couvrez nos modes d'envoi ici!","og_url":"https:\/\/mk-beauty.com\/en\/shipping-policy\/","og_site_name":"MK Beauty","article_modified_time":"2026-04-28T20:04:59+00:00","og_image":[{"width":2000,"height":1329,"url":"https:\/\/mk-beauty.com\/wp-content\/uploads\/2025\/07\/LOGO-FINAL-MK-BEAUTY-2.png","type":"image\/png"}],"twitter_card":"summary_large_image","twitter_misc":{"Est. reading time":"1 minute"},"schema":{"@context":"https:\/\/schema.org","@graph":[{"@type":"WebPage","@id":"https:\/\/mk-beauty.com\/shipping-policy\/","url":"https:\/\/mk-beauty.com\/shipping-policy\/","name":"Politique de Livraison - MK Beauty","isPartOf":{"@id":"https:\/\/mk-beauty.com\/#website"},"datePublished":"2025-06-04T10:40:37+00:00","dateModified":"2026-04-28T20:04:59+00:00","description":"Profitez de la livraison et exp\u00e9dition MK Beauty pour toutes vos commandes de maquillage et accessoires. V\u00e9rifiez nos modes d'envoi!","breadcrumb":{"@id":"https:\/\/mk-beauty.com\/shipping-policy\/#breadcrumb"},"inLanguage":"en-US","potentialAction":[{"@type":"ReadAction","target":["https:\/\/mk-beauty.com\/shipping-policy\/"]}]},{"@type":"BreadcrumbList","@id":"https:\/\/mk-beauty.com\/shipping-policy\/#breadcrumb","itemListElement":[{"@type":"ListItem","position":1,"name":"Home","item":"https:\/\/mk-beauty.com\/"},{"@type":"ListItem","position":2,"name":"Politique d&rsquo;exp\u00e9dition"}]},{"@type":"WebSite","@id":"https:\/\/mk-beauty.com\/#website","url":"https:\/\/mk-beauty.com\/","name":"MK Beauty","description":"Wake-up &amp; Make-up the world needs your shine LADY","publisher":{"@id":"https:\/\/mk-beauty.com\/#organization"},"potentialAction":[{"@type":"SearchAction","target":{"@type":"EntryPoint","urlTemplate":"https:\/\/mk-beauty.com\/?s={search_term_string}"},"query-input":{"@type":"PropertyValueSpecification","valueRequired":true,"valueName":"search_term_string"}}],"inLanguage":"en-US"},{"@type":"Organization","@id":"https:\/\/mk-beauty.com\/#organization","name":"MK Beauty","url":"https:\/\/mk-beauty.com\/","logo":{"@type":"ImageObject","inLanguage":"en-US","@id":"https:\/\/mk-beauty.com\/#\/schema\/logo\/image\/","url":"https:\/\/mk-beauty.com\/wp-content\/uploads\/2024\/12\/Black-Feminine-Beauty-Brows-Makeup-Artist-Logo-_20240730_132530_0001.png","contentUrl":"https:\/\/mk-beauty.com\/wp-content\/uploads\/2024\/12\/Black-Feminine-Beauty-Brows-Makeup-Artist-Logo-_20240730_132530_0001.png","width":464,"height":426,"caption":"MK Beauty"},"image":{"@id":"https:\/\/mk-beauty.com\/#\/schema\/logo\/image\/"}}]}},"_links":{"self":[{"href":"https:\/\/mk-beauty.com\/en\/wp-json\/wp\/v2\/pages\/448","targetHints":{"allow":["GET"]}}],"collection":[{"href":"https:\/\/mk-beauty.com\/en\/wp-json\/wp\/v2\/pages"}],"about":[{"href":"https:\/\/mk-beauty.com\/en\/wp-json\/wp\/v2\/types\/page"}],"author":[{"embeddable":true,"href":"https:\/\/mk-beauty.com\/en\/wp-json\/wp\/v2\/users\/1"}],"replies":[{"embeddable":true,"href":"https:\/\/mk-beauty.com\/en\/wp-json\/wp\/v2\/comments?post=448"}],"version-history":[{"count":4,"href":"https:\/\/mk-beauty.com\/en\/wp-json\/wp\/v2\/pages\/448\/revisions"}],"predecessor-version":[{"id":748,"href":"https:\/\/mk-beauty.com\/en\/wp-json\/wp\/v2\/pages\/448\/revisions\/748"}],"wp:attachment":[{"href":"https:\/\/mk-beauty.com\/en\/wp-json\/wp\/v2\/media?parent=448"}],"curies":[{"name":"wp","href":"https:\/\/api.w.org\/{rel}","templated":true}]}}